{"id":130,"date":"2017-05-11T15:54:53","date_gmt":"2017-05-11T13:54:53","guid":{"rendered":"http:\/\/www.myriamboccara.fr\/fr\/?page_id=130"},"modified":"2017-06-21T19:43:03","modified_gmt":"2017-06-21T17:43:03","slug":"mentions-legales","status":"publish","type":"page","link":"https:\/\/www.myriamboccara.fr\/fr\/index.php\/mentions-legales\/","title":{"rendered":"Mentions L\u00e9gales"},"content":{"rendered":"<p><strong>Editeur<\/strong><br \/>\nMadame Myriam Boccara<br \/>\n86 rue de la Folie M\u00e9ricourt<br \/>\n75011 Paris<br \/>\nT\u00e9l :\u00a006 60 85 05 71<\/p>\n<p><strong>H\u00e9bergement<\/strong><br \/>\nOVH<br \/>\n2 rue Kellermann<br \/>\n59100 ROUBAIX<br \/>\nFrance<br \/>\n<a href=\"http:\/\/www.ovh.com\/fr\/support\/\">http:\/\/www.ovh.com\/fr\/support\/<\/a><\/p>\n<p><strong>Traitement des donn\u00e9es personnelles<\/strong><br \/>\nEn application des articles 39 et suivants de la loi du 6 janvier 1978 modifi\u00e9e, l\u2019utilisateur dispose d\u2019un droit d\u2019acc\u00e8s et de rectification aux informations qui le concernent. Si vous souhaitez exercer ce droit et obtenir communication des informations vous concernant, vous pouvez utiliser notre page \u00ab contactez nous \u00bb.<\/p>\n<p><strong>Droit d\u2019auteur \u2013 Copyright<\/strong><br \/>\nL\u2019ensemble de ce site rel\u00e8ve de la l\u00e9gislation fran\u00e7aise et internationale sur le droit d\u2019auteur et la propri\u00e9t\u00e9 intellectuelle. Tous les droits de reproduction sont r\u00e9serv\u00e9s, y compris pour les documents t\u00e9l\u00e9chargeables et les repr\u00e9sentations iconographiques et photographiques. La reproduction de tout ou partie de ce site sur un support \u00e9lectronique ou papier quel qu\u2019il soit est formellement interdite sauf autorisation expresse du directeur de la publication.<\/p>\n","protected":false},"excerpt":{"rendered":"<p>Editeur Madame Myriam Boccara 86 rue de la Folie M\u00e9ricourt 75011 Paris T\u00e9l :\u00a006 60 85 05 71 H\u00e9bergement OVH 2 rue Kellermann 59100 ROUBAIX France http:\/\/www.ovh.com\/fr\/support\/ Traitement des donn\u00e9es personnelles En application des articles 39 et suivants de la loi du 6 janvier 1978 modifi\u00e9e, l\u2019utilisateur dispose d\u2019un droit d\u2019acc\u00e8s et de rectification aux [&hellip;]<\/p>\n","protected":false},"author":1,"featured_media":0,"parent":0,"menu_order":0,"comment_status":"closed","ping_status":"closed","template":"","meta":{"footnotes":""},"class_list":["post-130","page","type-page","status-publish","hentry"],"_links":{"self":[{"href":"https:\/\/www.myriamboccara.fr\/fr\/index.php\/wp-json\/wp\/v2\/pages\/130","targetHints":{"allow":["GET"]}}],"collection":[{"href":"https:\/\/www.myriamboccara.fr\/fr\/index.php\/wp-json\/wp\/v2\/pages"}],"about":[{"href":"https:\/\/www.myriamboccara.fr\/fr\/index.php\/wp-json\/wp\/v2\/types\/page"}],"author":[{"embeddable":true,"href":"https:\/\/www.myriamboccara.fr\/fr\/index.php\/wp-json\/wp\/v2\/users\/1"}],"replies":[{"embeddable":true,"href":"https:\/\/www.myriamboccara.fr\/fr\/index.php\/wp-json\/wp\/v2\/comments?post=130"}],"version-history":[{"count":4,"href":"https:\/\/www.myriamboccara.fr\/fr\/index.php\/wp-json\/wp\/v2\/pages\/130\/revisions"}],"predecessor-version":[{"id":588,"href":"https:\/\/www.myriamboccara.fr\/fr\/index.php\/wp-json\/wp\/v2\/pages\/130\/revisions\/588"}],"wp:attachment":[{"href":"https:\/\/www.myriamboccara.fr\/fr\/index.php\/wp-json\/wp\/v2\/media?parent=130"}],"curies":[{"name":"wp","href":"https:\/\/api.w.org\/{rel}","templated":true}]}}