{"id":274,"date":"2017-05-18T17:39:39","date_gmt":"2017-05-18T15:39:39","guid":{"rendered":"http:\/\/www.myriamboccara.fr\/fr\/?page_id=274"},"modified":"2019-06-02T18:14:03","modified_gmt":"2019-06-02T16:14:03","slug":"parcours","status":"publish","type":"page","link":"https:\/\/www.myriamboccara.fr\/fr\/index.php\/parcours\/","title":{"rendered":"Parcours"},"content":{"rendered":"<pre style=\"text-align: left;\">Brune, espi\u00e8gle, touche \u00e0 tout qui ne tient pas en place, elle est n\u00e9e sans douleur \u00e0 l\u2019h\u00f4pital Saint-Antoine 75012 Paris en 1959.\r\nA six ans, elle r\u00eavait d\u2019\u00eatre mari\u00e9e \u00e0 cause de la robe, \u00e0 sept ans se destinait \u00e0 la marionnette, \u00e0 12 ans au th\u00e9\u00e2tre. Des \u00e9tudes d\u2019architecture l\u2019am\u00e8nent \u00e0 la peinture.<\/pre>\n<h1>FORMATION<\/h1>\n<h2>1976-1999<\/h2>\n<p>Cours d\u2019histoire de l\u2019Art Rachel Boyer \u00e0 l\u2019\u00e9cole du Louvre<br \/>\nArchitecte DPLG de l\u2019UPA Paris Belleville \u00e0 Paris en 1985<br \/>\nAcad\u00e9mie Saint Roch, Dessin et Peinture &#8211; Direction Jean Bertholle<br \/>\nDEUG de Lettres Modernes \u00e0 PARIS VII<br \/>\nBaccalaur\u00e9at en Lettres Modernes au Maroc en 1976<\/p>\n<h1>PRIX<\/h1>\n<h2>1987-1989<\/h2>\n<p>Prix de Portrait Paul Louis WEILLER Institut des Beaux Arts<br \/>\nPrix de Dessin Pierre David WEIL Institut des Beaux Arts<br \/>\nLes Laur\u00e9ats du Prix du Cr\u00e9dit Agricole<\/p>\n<h1>EXPERIENCES PROFESSIONNELLES<\/h1>\n<h2>Illustration 1999 -2012<\/h2>\n<p>Livres d\u2019artistes de Noria Edition &#8211; Porte folio VILLE et AUTOROUTE<br \/>\nIllustrations pour l\u2019Exposition Harem et Smalla &#8211; Mairie du Treizi\u00e8me<br \/>\nBr\u00eaves n\u00b0 70 Actualit\u00e9 de la nouvelle (illustrateur invit\u00e9)<br \/>\nCouverture du Livre \u00ab TRESORS A PRENDRE \u00bb de V. Leduc &#8211; Edition Folio Gallimard<br \/>\nCouverture du Num\u00e9ro sp\u00e9cial sur Andr\u00e9 D\u2019h\u00f4tel Revue GRIFFON<br \/>\nIllustration pour le Magazine Litt\u00e9raire<br \/>\nAffiche des \u00ab TROIS PETITS COCHONS \u00bb pour la compagnie Poudre de Sourire<br \/>\nAffiche du \u00ab PONT DES NUITS BLANCHES \u00bb pour la compagnie des Fant\u00f4mes<br \/>\nCartes de V\u0153ux<\/p>\n<h2>Textes Biographiques depuis 2000<\/h2>\n<p>A l\u2019usage des Galeristes, des Artistes destin\u00e9s aux dossiers de presse, site Web Catalogues d\u2019exposition et expositions.<\/p>\n<h1>AUTRES EXPERIENCES<\/h1>\n<p>Conseil Couleur appliqu\u00e9 \u00e0 l\u2019Architecture &#8211; 1998 \u00e0 2012<br \/>\nH\u00f4pital Notre Dame du Perp\u00e9tuel Secours \u00e0 Levallois Perret<br \/>\nColl\u00e8ge Pierre et Marie Curie d\u2019Hennebont &#8211; Morbihan &#8211; R\u00e9alisation FCLP<br \/>\nColl\u00e8ge de Semur-en-Auxois &#8211; R\u00e9alisation de Fran\u00e7ois Chochon et Laurent Pierr<br \/>\nGroupe scolaire D\u2019Elven &#8211; Morbihan- R\u00e9alisation FCLP<br \/>\nColl\u00e8ge de Baud &#8211; Morbihan &#8211; R\u00e9alisation FCLP<br \/>\nUFR de Biologie de Paris VII &#8211; R\u00e9alisation FCLP<br \/>\nConservatoire de Musique d\u2019Aubervilliers<\/p>\n<h1>ENSEIGNEMENT<\/h1>\n<h2>1985 \u00e0 2019<\/h2>\n<p>Guide au couvent Notre Dame de la Tourette : Architecte Le Corbusier<br \/>\nEnseignante en EMT au Coll\u00e8ge Sophie Barat \u00e0 Chatenay Malabry 1986 \u00e0 1991<br \/>\nAteliers de Peinture, Modelage pour enfants- Ecoles Turenne, Saint Joseph, La Perle<br \/>\nAtelier de Formation artistique pour EDF<br \/>\nIntervenante couleur \u00e0 la F\u00e9mis d\u00e9partement d\u00e9cor de Cin\u00e9ma<br \/>\nIntervenante couleur et mise en forme projet \u00e0 l\u2019ESAT en D\u00e9co Cin\u00e9<br \/>\nProfesseur d\u2019Arts Plastiques \u00e0 l\u2019EPSSA d\u00e9partement Architecture<br \/>\nEnseignante aux Ateliers Beaux Arts de la Ville de Paris depuis 2004<br \/>\nVacations d&#8217;Arts plastiques \u00e0 l&#8217;atelier pr\u00e9paratoire de la Fabrique, 2017-2018-2019<\/p>\n","protected":false},"excerpt":{"rendered":"<p>Brune, espi\u00e8gle, touche \u00e0 tout qui ne tient pas en place, elle est n\u00e9e sans douleur \u00e0 l\u2019h\u00f4pital Saint-Antoine 75012 Paris en 1959. A six ans, elle r\u00eavait d\u2019\u00eatre mari\u00e9e \u00e0 cause de la robe, \u00e0 sept ans se destinait \u00e0 la marionnette, \u00e0 12 ans au th\u00e9\u00e2tre. Des \u00e9tudes d\u2019architecture l\u2019am\u00e8nent \u00e0 la peinture. [&hellip;]<\/p>\n","protected":false},"author":1,"featured_media":0,"parent":0,"menu_order":0,"comment_status":"closed","ping_status":"closed","template":"","meta":{"footnotes":""},"class_list":["post-274","page","type-page","status-publish","hentry"],"_links":{"self":[{"href":"https:\/\/www.myriamboccara.fr\/fr\/index.php\/wp-json\/wp\/v2\/pages\/274","targetHints":{"allow":["GET"]}}],"collection":[{"href":"https:\/\/www.myriamboccara.fr\/fr\/index.php\/wp-json\/wp\/v2\/pages"}],"about":[{"href":"https:\/\/www.myriamboccara.fr\/fr\/index.php\/wp-json\/wp\/v2\/types\/page"}],"author":[{"embeddable":true,"href":"https:\/\/www.myriamboccara.fr\/fr\/index.php\/wp-json\/wp\/v2\/users\/1"}],"replies":[{"embeddable":true,"href":"https:\/\/www.myriamboccara.fr\/fr\/index.php\/wp-json\/wp\/v2\/comments?post=274"}],"version-history":[{"count":5,"href":"https:\/\/www.myriamboccara.fr\/fr\/index.php\/wp-json\/wp\/v2\/pages\/274\/revisions"}],"predecessor-version":[{"id":1384,"href":"https:\/\/www.myriamboccara.fr\/fr\/index.php\/wp-json\/wp\/v2\/pages\/274\/revisions\/1384"}],"wp:attachment":[{"href":"https:\/\/www.myriamboccara.fr\/fr\/index.php\/wp-json\/wp\/v2\/media?parent=274"}],"curies":[{"name":"wp","href":"https:\/\/api.w.org\/{rel}","templated":true}]}}