{"id":280,"date":"2017-05-18T17:43:39","date_gmt":"2017-05-18T15:43:39","guid":{"rendered":"http:\/\/www.myriamboccara.fr\/fr\/?page_id=280"},"modified":"2024-09-19T08:08:33","modified_gmt":"2024-09-19T06:08:33","slug":"propos","status":"publish","type":"page","link":"https:\/\/www.myriamboccara.fr\/fr\/index.php\/propos\/","title":{"rendered":"Propos"},"content":{"rendered":"<p><img loading=\"lazy\" decoding=\"async\" class=\"wp-image-277 alignnone\" src=\"http:\/\/www.myriamboccara.fr\/fr\/wp-content\/uploads\/Photo_Myriam_Boccara_Profil_NB-e1495122141334-300x200.jpg\" alt=\"\" width=\"397\" height=\"264\" srcset=\"https:\/\/www.myriamboccara.fr\/fr\/wp-content\/uploads\/Photo_Myriam_Boccara_Profil_NB-e1495122141334-300x200.jpg 300w, https:\/\/www.myriamboccara.fr\/fr\/wp-content\/uploads\/Photo_Myriam_Boccara_Profil_NB-e1495122141334.jpg 592w\" sizes=\"auto, (max-width: 397px) 100vw, 397px\" \/><\/p>\n<pre>Elle d\u00e9marre sa carri\u00e8re, appareil photo en bandouli\u00e8re, collectionne les sujets : salons de coiffure pour dames, la ville \u00e0 travers la fen\u00eatre d\u2019un autobus, les carrousels et casse gueules des f\u00eates foraines, \u00e9piant les baigneurs \u00e0 la plage, <a href=\"http:\/\/www.myriamboccara.fr\/fr\/index.php\/des-vaches\/\">les vaches<\/a> et <a href=\"http:\/\/www.myriamboccara.fr\/fr\/index.php\/dessins\/\">sc\u00e8nes de pique-nique et de siestes \u00e0 la campagne<\/a>.\nApr\u00e8s un temps de d\u00e9ambulation et un penchant pour les sc\u00e8nes de la vie ordinaire, l\u2019artiste s\u2019installe dans une r\u00eaverie sur le paysage.\n<a href=\"http:\/\/www.myriamboccara.fr\/fr\/index.php\/le-chant-des-camions\/\">La route<\/a>, le chemin, y pr\u00e9dominent et le dispositif sc\u00e9nique (<a href=\"http:\/\/www.myriamboccara.fr\/fr\/index.php\/fleuve\/\">maille plant\u00e9 le long d\u2019une rive<\/a> ou d\u2019un boulevard, murs perc\u00e9s d\u2019une <a href=\"http:\/\/www.myriamboccara.fr\/fr\/index.php\/dans-la-rue\/\">ruelle<\/a>) est au service de la narration.\nLes d\u00e9cors d\u2019abord campagnards puis urbains (presque cin\u00e9tiques) disent la <a href=\"http:\/\/www.myriamboccara.fr\/fr\/index.php\/au-fil-de-lasphalte\/\">jubilation du d\u00e9placement<\/a>, l\u2019ivresse de la vitesse. D\u00e9placement comme un aller vers, in\u00e9luctable comme la vie qui passe. D\u00e9placement comme passer la fronti\u00e8re, transiter r\u00e9v\u00e9lant d\u2019un gout profond du vagabondage et la d\u00e9sinvolture de n\u2019\u00eatre jamais l\u00e0, mais ... l\u00e0.<\/pre>\n<h1>EXPOSITIONS COLLECTIVES<\/h1>\n<h2>1998 \u00e0 2020<\/h2>\n<p>Maison Mansart exposition de l\u2019Acad\u00e9mie Bertholle &#8211; Paris<br \/>\nGalerie Jean pierre Ha\u00eek &#8211; Paris<br \/>\nGalerie Eonnet Dupuy &#8211; Paris<br \/>\nGalerie Louis &#8211; Paris<br \/>\nMus\u00e9e Benoit Dupuy &#8211; Bailleul<br \/>\nLa laiterie &#8211; Strasbourg<br \/>\nHalle Saint Pierre &#8211; Paris<br \/>\nM\u00e9diath\u00e8que d\u2019Argentan<br \/>\nGalerie Dominique Vivens &#8211; Paris<br \/>\nGalerie Peinture Fra\u00eeche &#8211; Paris<br \/>\nV\u0153ux d\u2019artistes &#8211; 2001-2002 &#8211; Paris<br \/>\nGalerie M\u00e9dicis &#8211; Besan\u00e7on<br \/>\nGalerie Arcade Colette &#8211; Paris<br \/>\nThe gallery &#8211; 2002 &#8211; Paris<br \/>\nMairie du troisi\u00e8me &#8211; Paris<br \/>\nGalerie M &#8211; Paris<br \/>\nGalerie de l\u2019ancienne poste &#8211; Calais<br \/>\nGalerie Prodromus &#8211; Paris<br \/>\nGalerie Vivo Equidem &#8211; Paris<br \/>\nAssociation Florence &#8211; Paris<br \/>\nGalerie AROA &#8211; Neuilly sur seine<br \/>\nCCA Paris<br \/>\nAteliers Portes ouvertes d\u2019Ivry sur Seine<br \/>\nNomades 2012 \u00e0 l\u2019Atelier Kerien &#8211; Paris<br \/>\nT\u00eate de l&#8217;art &#8211; Forbach 2015<br \/>\nGalerie Peinture fraiche &#8211; 2017 &#8211; Paris<br \/>\nGalerie Gr\u00e8s &#8211; 2018 &#8211; Paris<br \/>\nGalerie BY Chatel &#8211; 2020 &#8211; Paris<br \/>\nExposition LOUFOQUE au Menil 8 &#8211; Avril 2024 &#8211; Paris<\/p>\n<h1>SALONS<\/h1>\n<h2>1991-1993<\/h2>\n<p>Salon Victor Choquet du Minist\u00e8re des Finances<br \/>\nBiennale d\u2019Issy les Moulineaux<\/p>\n<h1>EXPOSITIONS PERSONNELLES<\/h1>\n<h2>1988 \u00e0 2020<\/h2>\n<p>Roger K Salon d\u2019Art &#8211; 1988 &#8211; Bruxelles<br \/>\nCentre Pablo N\u00e9ruda &#8211; 1994 &#8211; Bagnolet<br \/>\nChez Thierry Masquelier &#8211; 1996 &#8211; Paris<br \/>\nGalerie Freignac &#8211; 1998 &#8211; Paris<br \/>\nGalerie Pol\u2019art &#8211; Paris<br \/>\nGalerie M\u00e9dicis &#8211; 2001 &#8211; Besan\u00e7on<br \/>\nGalerie Peinture Fra\u00eeche Paris<br \/>\nGalerie Ligne Treize &#8211; 2004 &#8211; Gen\u00e8ve<br \/>\nGalerie Caract\u00e8re Paris &#8211; 2005<br \/>\nGalerie Prodromus &#8211; 2007 -Paris<br \/>\nGalerie ligne treize &#8211; 2007 &#8211; Gen\u00e8ve<br \/>\nGalerie Arts et Soci\u00e9t\u00e9 &#8211; 2010 &#8211; Paris<br \/>\nTh\u00e9\u00e2tre de la Commune &#8211; 2011 &#8211; Aubervilliers<br \/>\nCentre Rachi &#8211; 2012 &#8211; Paris<br \/>\nHall des Douches &#8211; 2013 &#8211; Paris<br \/>\nGalerie M\u00e9diart &#8211; 2014 &#8211; Paris<br \/>\nGalerie Prodromus &#8211; 2015 &#8211; Paris<br \/>\nGalerie Arts et Soci\u00e9t\u00e9 PCF &#8211; 2016 &#8211; Paris<br \/>\nGalerie Peinture Fra\u00eeche &#8211; 2017 &#8211; Paris<br \/>\nGalerie Antoinette Fouques &#8211; 2019<br \/>\nGalerie C\u00e9cile Loiret &#8211; 2019 &#8211; Vannes<br \/>\nLe pav\u00e9 d&#8217;Orsay &#8211; 2020 &#8211; Paris<br \/>\nGalerie Peinture Fraiche &#8211; Avril 2022 &#8211; Paris<br \/>\nGalerie Peinture Fraiche &#8211; Novembre 2023 &#8211; Paris<\/p>\n","protected":false},"excerpt":{"rendered":"<p>Elle d\u00e9marre sa carri\u00e8re, appareil photo en bandouli\u00e8re, collectionne les sujets : salons de coiffure pour dames, la ville \u00e0 travers la fen\u00eatre d\u2019un autobus, les carrousels et casse gueules des f\u00eates foraines, \u00e9piant les baigneurs \u00e0 la plage, les vaches et sc\u00e8nes de pique-nique et de siestes \u00e0 la campagne. Apr\u00e8s un temps de [&hellip;]<\/p>\n","protected":false},"author":1,"featured_media":0,"parent":0,"menu_order":0,"comment_status":"closed","ping_status":"closed","template":"","meta":{"footnotes":""},"class_list":["post-280","page","type-page","status-publish","hentry"],"_links":{"self":[{"href":"https:\/\/www.myriamboccara.fr\/fr\/index.php\/wp-json\/wp\/v2\/pages\/280","targetHints":{"allow":["GET"]}}],"collection":[{"href":"https:\/\/www.myriamboccara.fr\/fr\/index.php\/wp-json\/wp\/v2\/pages"}],"about":[{"href":"https:\/\/www.myriamboccara.fr\/fr\/index.php\/wp-json\/wp\/v2\/types\/page"}],"author":[{"embeddable":true,"href":"https:\/\/www.myriamboccara.fr\/fr\/index.php\/wp-json\/wp\/v2\/users\/1"}],"replies":[{"embeddable":true,"href":"https:\/\/www.myriamboccara.fr\/fr\/index.php\/wp-json\/wp\/v2\/comments?post=280"}],"version-history":[{"count":61,"href":"https:\/\/www.myriamboccara.fr\/fr\/index.php\/wp-json\/wp\/v2\/pages\/280\/revisions"}],"predecessor-version":[{"id":17918,"href":"https:\/\/www.myriamboccara.fr\/fr\/index.php\/wp-json\/wp\/v2\/pages\/280\/revisions\/17918"}],"wp:attachment":[{"href":"https:\/\/www.myriamboccara.fr\/fr\/index.php\/wp-json\/wp\/v2\/media?parent=280"}],"curies":[{"name":"wp","href":"https:\/\/api.w.org\/{rel}","templated":true}]}}