{"id":41,"date":"2017-05-10T15:29:42","date_gmt":"2017-05-10T13:29:42","guid":{"rendered":"http:\/\/www.myriamboccara.fr\/fr\/?page_id=41"},"modified":"2017-06-28T18:06:42","modified_gmt":"2017-06-28T16:06:42","slug":"biographie","status":"publish","type":"page","link":"https:\/\/www.myriamboccara.fr\/fr\/","title":{"rendered":"Portrait"},"content":{"rendered":"<p><img loading=\"lazy\" decoding=\"async\" class=\"alignleft wp-image-155 size-thumbnail\" src=\"http:\/\/www.myriamboccara.fr\/fr\/wp-content\/uploads\/PortraitMyriamBoccara_rougeAlevres_carre_01-175x175.png\" alt=\"\" width=\"175\" height=\"175\" srcset=\"https:\/\/www.myriamboccara.fr\/fr\/wp-content\/uploads\/PortraitMyriamBoccara_rougeAlevres_carre_01-175x175.png 175w, https:\/\/www.myriamboccara.fr\/fr\/wp-content\/uploads\/PortraitMyriamBoccara_rougeAlevres_carre_01.png 241w\" sizes=\"auto, (max-width: 175px) 100vw, 175px\" \/>Elle nait en 1959 \u00e0 Paris.<\/p>\n<p><strong>Apr\u00e8s une enfance\u00a0 pass\u00e9e au Maroc entre Casablanca et Marrakech, elle regagne Paris\u00a0 pour des \u00e9tudes d\u2019architecture assorties d\u2019une pratique immod\u00e9r\u00e9e du th\u00e9\u00e2tre \u00e0 laquelle succ\u00e8de l\u2019apprentissage de la peinture \u00e0 l\u2019Acad\u00e9mie BERTHOLLE.<\/strong><\/p>\n<p><strong>Architecte DPLG<\/strong>, elle se tourne pourtant vers la peinture, <strong>fait sa premi\u00e8re exposition personnelle\u00a0 \u00e0 Bruxelles en 1989<\/strong>, obtient\u00a0 deux prix de l\u2019<strong>Institut des Beaux Arts<\/strong> en 1987 et 1989, participe \u00e0 de nombreuses expositions collectives et particuli\u00e8res \u00e0 <strong>Paris<\/strong>, <strong>Bruxelles<\/strong> et <strong>Gen\u00e8ve<\/strong>, d\u00e9finit des palettes de couleurs pour des b\u00e2timents, enseigne en milieu associatif, anime des ateliers d\u2019enfants et d\u2019adultes, intervient \u00e0 la FEMIS, \u00e0 l\u2019ESAT, \u00e0 l\u2019EPSSA, et devient professeur de dessin aux Ateliers Beaux Arts de la Ville de Paris.<\/p>\n<p>Enfant, elle pose pour sa grand m\u00e8re FRIDA UZAN et ses \u00e9l\u00e8ves contre quatorze sucettes. De ces moments insupportables, elle gardera le go\u00fbt de la Chupa Chups \u00e0 la t\u00e9r\u00e9benthine, go\u00fbt d\u2019\u00e9trange.<\/p>\n","protected":false},"excerpt":{"rendered":"<p>Elle nait en 1959 \u00e0 Paris. Apr\u00e8s une enfance\u00a0 pass\u00e9e au Maroc entre Casablanca et Marrakech, elle regagne Paris\u00a0 pour des \u00e9tudes d\u2019architecture assorties d\u2019une pratique immod\u00e9r\u00e9e du th\u00e9\u00e2tre \u00e0 laquelle succ\u00e8de l\u2019apprentissage de la peinture \u00e0 l\u2019Acad\u00e9mie BERTHOLLE. Architecte DPLG, elle se tourne pourtant vers la peinture, fait sa premi\u00e8re exposition personnelle\u00a0 \u00e0 Bruxelles [&hellip;]<\/p>\n","protected":false},"author":1,"featured_media":0,"parent":0,"menu_order":0,"comment_status":"closed","ping_status":"closed","template":"","meta":{"footnotes":""},"class_list":["post-41","page","type-page","status-publish","hentry"],"_links":{"self":[{"href":"https:\/\/www.myriamboccara.fr\/fr\/index.php\/wp-json\/wp\/v2\/pages\/41","targetHints":{"allow":["GET"]}}],"collection":[{"href":"https:\/\/www.myriamboccara.fr\/fr\/index.php\/wp-json\/wp\/v2\/pages"}],"about":[{"href":"https:\/\/www.myriamboccara.fr\/fr\/index.php\/wp-json\/wp\/v2\/types\/page"}],"author":[{"embeddable":true,"href":"https:\/\/www.myriamboccara.fr\/fr\/index.php\/wp-json\/wp\/v2\/users\/1"}],"replies":[{"embeddable":true,"href":"https:\/\/www.myriamboccara.fr\/fr\/index.php\/wp-json\/wp\/v2\/comments?post=41"}],"version-history":[{"count":42,"href":"https:\/\/www.myriamboccara.fr\/fr\/index.php\/wp-json\/wp\/v2\/pages\/41\/revisions"}],"predecessor-version":[{"id":651,"href":"https:\/\/www.myriamboccara.fr\/fr\/index.php\/wp-json\/wp\/v2\/pages\/41\/revisions\/651"}],"wp:attachment":[{"href":"https:\/\/www.myriamboccara.fr\/fr\/index.php\/wp-json\/wp\/v2\/media?parent=41"}],"curies":[{"name":"wp","href":"https:\/\/api.w.org\/{rel}","templated":true}]}}