{"id":86,"date":"2017-05-11T11:54:32","date_gmt":"2017-05-11T09:54:32","guid":{"rendered":"http:\/\/www.myriamboccara.fr\/fr\/?page_id=86"},"modified":"2024-09-27T15:51:05","modified_gmt":"2024-09-27T13:51:05","slug":"limage-revelee","status":"publish","type":"page","link":"https:\/\/www.myriamboccara.fr\/fr\/index.php\/limage-revelee\/","title":{"rendered":"L\u2018image r\u00e9v\u00e9l\u00e9e"},"content":{"rendered":"<h1>Pastel sec<\/h1>\n<p>2013<\/p>\n<div id='gallery-1' class='gallery galleryid-86 gallery-columns-5 gallery-size-thumbnail'><figure class='gallery-item'>\n\t\t\t<div class='gallery-icon portrait'>\n\t\t\t\t<a title=\"imr_L_image_revelee_MyriamBoccara_A01__MG_0153\" href='https:\/\/www.myriamboccara.fr\/fr\/wp-content\/uploads\/imr_L_image_revelee_MyriamBoccara_A01__MG_0153.jpg'><img loading=\"lazy\" decoding=\"async\" width=\"175\" height=\"175\" src=\"https:\/\/www.myriamboccara.fr\/fr\/wp-content\/uploads\/imr_L_image_revelee_MyriamBoccara_A01__MG_0153-175x175.jpg\" class=\"attachment-thumbnail size-thumbnail\" alt=\"Plaine cr\u00e9pusculaire - 63,5 x 35\" \/><\/a>\n\t\t\t<\/div><\/figure><figure class='gallery-item'>\n\t\t\t<div class='gallery-icon portrait'>\n\t\t\t\t<a title=\"imr_L_image_revelee_MyriamBoccara_A02__MG_0162\" href='https:\/\/www.myriamboccara.fr\/fr\/wp-content\/uploads\/imr_L_image_revelee_MyriamBoccara_A02__MG_0162.jpg'><img loading=\"lazy\" decoding=\"async\" width=\"175\" height=\"175\" src=\"https:\/\/www.myriamboccara.fr\/fr\/wp-content\/uploads\/imr_L_image_revelee_MyriamBoccara_A02__MG_0162-175x175.jpg\" class=\"attachment-thumbnail size-thumbnail\" alt=\"Une maison - 55,5 x 47\" \/><\/a>\n\t\t\t<\/div><\/figure><figure class='gallery-item'>\n\t\t\t<div class='gallery-icon landscape'>\n\t\t\t\t<a title=\"imr_L_image_revelee_MyriamBoccara_A03__MG_0179\" href='https:\/\/www.myriamboccara.fr\/fr\/wp-content\/uploads\/imr_L_image_revelee_MyriamBoccara_A03__MG_0179.jpg'><img loading=\"lazy\" decoding=\"async\" width=\"175\" height=\"175\" src=\"https:\/\/www.myriamboccara.fr\/fr\/wp-content\/uploads\/imr_L_image_revelee_MyriamBoccara_A03__MG_0179-175x175.jpg\" class=\"attachment-thumbnail size-thumbnail\" alt=\"Quand j&#039;\u00e9tais petite - 29,5 x 22\" \/><\/a>\n\t\t\t<\/div><\/figure><figure class='gallery-item'>\n\t\t\t<div class='gallery-icon landscape'>\n\t\t\t\t<a title=\"imr_L_image_revelee_MyriamBoccara_A04__MG_0157\" href='https:\/\/www.myriamboccara.fr\/fr\/wp-content\/uploads\/imr_L_image_revelee_MyriamBoccara_A04__MG_0157.jpg'><img loading=\"lazy\" decoding=\"async\" width=\"175\" height=\"175\" src=\"https:\/\/www.myriamboccara.fr\/fr\/wp-content\/uploads\/imr_L_image_revelee_MyriamBoccara_A04__MG_0157-175x175.jpg\" class=\"attachment-thumbnail size-thumbnail\" alt=\"A l&#039;aube - 57 x 45\" \/><\/a>\n\t\t\t<\/div><\/figure><figure class='gallery-item'>\n\t\t\t<div class='gallery-icon landscape'>\n\t\t\t\t<a title=\"imr_L_image_revelee_MyriamBoccara_A05__MG_0132\" href='https:\/\/www.myriamboccara.fr\/fr\/wp-content\/uploads\/imr_L_image_revelee_MyriamBoccara_A05__MG_0132.jpg'><img loading=\"lazy\" decoding=\"async\" width=\"175\" height=\"175\" src=\"https:\/\/www.myriamboccara.fr\/fr\/wp-content\/uploads\/imr_L_image_revelee_MyriamBoccara_A05__MG_0132-175x175.jpg\" class=\"attachment-thumbnail size-thumbnail\" alt=\"Nocturne - 81,5 x 60\" \/><\/a>\n\t\t\t<\/div><\/figure>\n\t\t<\/div>\n\n","protected":false},"excerpt":{"rendered":"<p>Pastel sec 2013<\/p>\n","protected":false},"author":1,"featured_media":0,"parent":0,"menu_order":0,"comment_status":"closed","ping_status":"closed","template":"","meta":{"footnotes":""},"class_list":["post-86","page","type-page","status-publish","hentry"],"_links":{"self":[{"href":"https:\/\/www.myriamboccara.fr\/fr\/index.php\/wp-json\/wp\/v2\/pages\/86","targetHints":{"allow":["GET"]}}],"collection":[{"href":"https:\/\/www.myriamboccara.fr\/fr\/index.php\/wp-json\/wp\/v2\/pages"}],"about":[{"href":"https:\/\/www.myriamboccara.fr\/fr\/index.php\/wp-json\/wp\/v2\/types\/page"}],"author":[{"embeddable":true,"href":"https:\/\/www.myriamboccara.fr\/fr\/index.php\/wp-json\/wp\/v2\/users\/1"}],"replies":[{"embeddable":true,"href":"https:\/\/www.myriamboccara.fr\/fr\/index.php\/wp-json\/wp\/v2\/comments?post=86"}],"version-history":[{"count":6,"href":"https:\/\/www.myriamboccara.fr\/fr\/index.php\/wp-json\/wp\/v2\/pages\/86\/revisions"}],"predecessor-version":[{"id":17964,"href":"https:\/\/www.myriamboccara.fr\/fr\/index.php\/wp-json\/wp\/v2\/pages\/86\/revisions\/17964"}],"wp:attachment":[{"href":"https:\/\/www.myriamboccara.fr\/fr\/index.php\/wp-json\/wp\/v2\/media?parent=86"}],"curies":[{"name":"wp","href":"https:\/\/api.w.org\/{rel}","templated":true}]}}